{"id":570,"date":"2023-11-04T23:28:51","date_gmt":"2023-11-04T22:28:51","guid":{"rendered":"https:\/\/www.letteraemme.it\/espropriponte\/?page_id=570"},"modified":"2023-12-15T15:37:48","modified_gmt":"2023-12-15T14:37:48","slug":"espropri-ponte","status":"publish","type":"page","link":"https:\/\/www.letteraemme.it\/espropriponte\/","title":{"rendered":"Osservatorio Espropri per il Ponte sullo Stretto"},"content":{"rendered":"<p>Il progetto del Ponte sullo Stretto di Messina \u00e8 oggetto di dibattito e discussione nella comunit\u00e0 locale. \u00c8 necessario fornire informazioni complete e aggiornate sugli espropri associati a questa opera, in modo da consentire a tutti di comprendere appieno gli impatti e i processi coinvolti.<\/p>\n<p>Scopri i dettagli degli espropri per la costruzione del ponte sullo Stretto di Messina, con informazioni aggiornate dai documenti pi\u00f9 recenti. Trova gli immobili interessati cercando <a href=\"https:\/\/www.letteraemme.it\/espropriponte\/elenco-espropri\/\">foglio, particella<\/a> o sulla <a href=\"https:\/\/www.letteraemme.it\/espropriponte\/geolocalizzazione-espropri\/\">mappa con contenuti geolocalizzat<\/a>i. Consulta i <a href=\"https:\/\/www.letteraemme.it\/espropriponte\/documenti\/\">documenti ufficiali<\/a> finora pubblicati per avere tutte le informazioni necessarie.<\/p>\n<p>Le informazioni provengono direttamente da documenti ufficiali pubblicati sul sito\u00a0<a href=\"https:\/\/va.mite.gov.it\/it-IT\" target=\"_blank\" rel=\"noopener\">Ministero dell&#8217;Ambiente e della Sicurezza Energetica<\/a>\u00a0 nella sezione Valutazioni e Autorizzazioni ambientali.<\/p>\n","protected":false},"excerpt":{"rendered":"<p>Il progetto del Ponte sullo Stretto di Messina \u00e8 oggetto di dibattito e discussione nella comunit\u00e0 locale. \u00c8 necessario fornire informazioni complete e aggiornate sugli espropri associati a questa opera, in modo da consentire a tutti di comprendere appieno gli impatti e i processi coinvolti. Scopri i dettagli degli espropri per la costruzione del ponte [&#8230;]<\/p>\n<p><a class=\"btn btn-secondary understrap-read-more-link\" href=\"https:\/\/www.letteraemme.it\/espropriponte\/\">Leggi di pi\u00f9&#8230;<span class=\"screen-reader-text\"> from Osservatorio Espropri per il Ponte sullo Stretto<\/span><\/a><\/p>\n","protected":false},"author":1,"featured_media":584,"parent":0,"menu_order":0,"comment_status":"closed","ping_status":"closed","template":"page-homeespropri.php","meta":{"footnotes":""},"class_list":["post-570","page","type-page","status-publish","has-post-thumbnail","hentry"],"acf":[],"yoast_head":"<!-- This site is optimized with the Yoast SEO plugin v22.4 - https:\/\/yoast.com\/wordpress\/plugins\/seo\/ -->\n<title>Osservatorio Espropri per il Ponte sullo Stretto - Espropri Ponte sullo Stretto<\/title>\n<meta name=\"description\" content=\"Espropri per il ponte sullo Stretto di Messina: dettagli aggiornati, ricerca geolocalizzata, documenti ufficiali.\" \/>\n<meta name=\"robots\" content=\"index, follow, max-snippet:-1, max-image-preview:large, max-video-preview:-1\" \/>\n<link rel=\"canonical\" href=\"https:\/\/www.letteraemme.it\/espropriponte\/\" \/>\n<meta property=\"og:locale\" content=\"it_IT\" \/>\n<meta property=\"og:type\" content=\"article\" \/>\n<meta property=\"og:title\" content=\"Osservatorio Espropri per il Ponte sullo Stretto\" \/>\n<meta property=\"og:description\" content=\"Potresti non sapere che il tuo immobile \u00e8 soggetto ad esproprio. Ponte sullo Stretto di Messina: dettagli aggiornati, ricerca geolocalizzata, documenti ufficiali. La mappa...\" \/>\n<meta property=\"og:url\" content=\"https:\/\/www.letteraemme.it\/espropriponte\/\" \/>\n<meta property=\"og:site_name\" content=\"Espropri Ponte sullo Stretto\" \/>\n<meta property=\"article:modified_time\" content=\"2023-12-15T14:37:48+00:00\" \/>\n<meta property=\"og:image\" content=\"https:\/\/www.letteraemme.it\/espropriponte\/wp-content\/uploads\/2023\/11\/ricerca.png\" \/>\n\t<meta property=\"og:image:width\" content=\"706\" \/>\n\t<meta property=\"og:image:height\" content=\"708\" \/>\n\t<meta property=\"og:image:type\" content=\"image\/png\" \/>\n<meta name=\"twitter:card\" content=\"summary_large_image\" \/>\n<meta name=\"twitter:label1\" content=\"Tempo di lettura stimato\" \/>\n\t<meta name=\"twitter:data1\" content=\"1 minuto\" \/>\n<script type=\"application\/ld+json\" class=\"yoast-schema-graph\">{\"@context\":\"https:\/\/schema.org\",\"@graph\":[{\"@type\":\"WebPage\",\"@id\":\"https:\/\/www.letteraemme.it\/espropriponte\/\",\"url\":\"https:\/\/www.letteraemme.it\/espropriponte\/\",\"name\":\"Osservatorio Espropri per il Ponte sullo Stretto - Espropri Ponte sullo Stretto\",\"isPartOf\":{\"@id\":\"https:\/\/www.letteraemme.it\/espropriponte\/#website\"},\"primaryImageOfPage\":{\"@id\":\"https:\/\/www.letteraemme.it\/espropriponte\/#primaryimage\"},\"image\":{\"@id\":\"https:\/\/www.letteraemme.it\/espropriponte\/#primaryimage\"},\"thumbnailUrl\":\"https:\/\/www.letteraemme.it\/espropriponte\/wp-content\/uploads\/2023\/11\/ricerca.png\",\"datePublished\":\"2023-11-04T22:28:51+00:00\",\"dateModified\":\"2023-12-15T14:37:48+00:00\",\"description\":\"Espropri per il ponte sullo Stretto di Messina: dettagli aggiornati, ricerca geolocalizzata, documenti ufficiali.\",\"breadcrumb\":{\"@id\":\"https:\/\/www.letteraemme.it\/espropriponte\/#breadcrumb\"},\"inLanguage\":\"it-IT\",\"potentialAction\":[{\"@type\":\"ReadAction\",\"target\":[\"https:\/\/www.letteraemme.it\/espropriponte\/\"]}]},{\"@type\":\"ImageObject\",\"inLanguage\":\"it-IT\",\"@id\":\"https:\/\/www.letteraemme.it\/espropriponte\/#primaryimage\",\"url\":\"https:\/\/www.letteraemme.it\/espropriponte\/wp-content\/uploads\/2023\/11\/ricerca.png\",\"contentUrl\":\"https:\/\/www.letteraemme.it\/espropriponte\/wp-content\/uploads\/2023\/11\/ricerca.png\",\"width\":706,\"height\":708},{\"@type\":\"BreadcrumbList\",\"@id\":\"https:\/\/www.letteraemme.it\/espropriponte\/#breadcrumb\",\"itemListElement\":[{\"@type\":\"ListItem\",\"position\":1,\"name\":\"Home\",\"item\":\"https:\/\/www.letteraemme.it\/espropriponte\/\"},{\"@type\":\"ListItem\",\"position\":2,\"name\":\"Osservatorio Espropri per il Ponte sullo Stretto\"}]},{\"@type\":\"WebSite\",\"@id\":\"https:\/\/www.letteraemme.it\/espropriponte\/#website\",\"url\":\"https:\/\/www.letteraemme.it\/espropriponte\/\",\"name\":\"Espropri Ponte sullo Stretto\",\"description\":\"\",\"publisher\":{\"@id\":\"https:\/\/www.letteraemme.it\/espropriponte\/#organization\"},\"potentialAction\":[{\"@type\":\"SearchAction\",\"target\":{\"@type\":\"EntryPoint\",\"urlTemplate\":\"https:\/\/www.letteraemme.it\/espropriponte\/?s={search_term_string}\"},\"query-input\":\"required name=search_term_string\"}],\"inLanguage\":\"it-IT\"},{\"@type\":\"Organization\",\"@id\":\"https:\/\/www.letteraemme.it\/espropriponte\/#organization\",\"name\":\"Espropri Ponte sullo Stretto\",\"url\":\"https:\/\/www.letteraemme.it\/espropriponte\/\",\"logo\":{\"@type\":\"ImageObject\",\"inLanguage\":\"it-IT\",\"@id\":\"https:\/\/www.letteraemme.it\/espropriponte\/#\/schema\/logo\/image\/\",\"url\":\"https:\/\/www.letteraemme.it\/espropriponte\/wp-content\/uploads\/2023\/11\/ricerca.png\",\"contentUrl\":\"https:\/\/www.letteraemme.it\/espropriponte\/wp-content\/uploads\/2023\/11\/ricerca.png\",\"width\":706,\"height\":708,\"caption\":\"Espropri Ponte sullo Stretto\"},\"image\":{\"@id\":\"https:\/\/www.letteraemme.it\/espropriponte\/#\/schema\/logo\/image\/\"}}]}<\/script>\n<!-- \/ Yoast SEO plugin. -->","yoast_head_json":{"title":"Osservatorio Espropri per il Ponte sullo Stretto - Espropri Ponte sullo Stretto","description":"Espropri per il ponte sullo Stretto di Messina: dettagli aggiornati, ricerca geolocalizzata, documenti ufficiali.","robots":{"index":"index","follow":"follow","max-snippet":"max-snippet:-1","max-image-preview":"max-image-preview:large","max-video-preview":"max-video-preview:-1"},"canonical":"https:\/\/www.letteraemme.it\/espropriponte\/","og_locale":"it_IT","og_type":"article","og_title":"Osservatorio Espropri per il Ponte sullo Stretto","og_description":"Potresti non sapere che il tuo immobile \u00e8 soggetto ad esproprio. Ponte sullo Stretto di Messina: dettagli aggiornati, ricerca geolocalizzata, documenti ufficiali. La mappa...","og_url":"https:\/\/www.letteraemme.it\/espropriponte\/","og_site_name":"Espropri Ponte sullo Stretto","article_modified_time":"2023-12-15T14:37:48+00:00","og_image":[{"width":706,"height":708,"url":"https:\/\/www.letteraemme.it\/espropriponte\/wp-content\/uploads\/2023\/11\/ricerca.png","type":"image\/png"}],"twitter_card":"summary_large_image","twitter_misc":{"Tempo di lettura stimato":"1 minuto"},"schema":{"@context":"https:\/\/schema.org","@graph":[{"@type":"WebPage","@id":"https:\/\/www.letteraemme.it\/espropriponte\/","url":"https:\/\/www.letteraemme.it\/espropriponte\/","name":"Osservatorio Espropri per il Ponte sullo Stretto - Espropri Ponte sullo Stretto","isPartOf":{"@id":"https:\/\/www.letteraemme.it\/espropriponte\/#website"},"primaryImageOfPage":{"@id":"https:\/\/www.letteraemme.it\/espropriponte\/#primaryimage"},"image":{"@id":"https:\/\/www.letteraemme.it\/espropriponte\/#primaryimage"},"thumbnailUrl":"https:\/\/www.letteraemme.it\/espropriponte\/wp-content\/uploads\/2023\/11\/ricerca.png","datePublished":"2023-11-04T22:28:51+00:00","dateModified":"2023-12-15T14:37:48+00:00","description":"Espropri per il ponte sullo Stretto di Messina: dettagli aggiornati, ricerca geolocalizzata, documenti ufficiali.","breadcrumb":{"@id":"https:\/\/www.letteraemme.it\/espropriponte\/#breadcrumb"},"inLanguage":"it-IT","potentialAction":[{"@type":"ReadAction","target":["https:\/\/www.letteraemme.it\/espropriponte\/"]}]},{"@type":"ImageObject","inLanguage":"it-IT","@id":"https:\/\/www.letteraemme.it\/espropriponte\/#primaryimage","url":"https:\/\/www.letteraemme.it\/espropriponte\/wp-content\/uploads\/2023\/11\/ricerca.png","contentUrl":"https:\/\/www.letteraemme.it\/espropriponte\/wp-content\/uploads\/2023\/11\/ricerca.png","width":706,"height":708},{"@type":"BreadcrumbList","@id":"https:\/\/www.letteraemme.it\/espropriponte\/#breadcrumb","itemListElement":[{"@type":"ListItem","position":1,"name":"Home","item":"https:\/\/www.letteraemme.it\/espropriponte\/"},{"@type":"ListItem","position":2,"name":"Osservatorio Espropri per il Ponte sullo Stretto"}]},{"@type":"WebSite","@id":"https:\/\/www.letteraemme.it\/espropriponte\/#website","url":"https:\/\/www.letteraemme.it\/espropriponte\/","name":"Espropri Ponte sullo Stretto","description":"","publisher":{"@id":"https:\/\/www.letteraemme.it\/espropriponte\/#organization"},"potentialAction":[{"@type":"SearchAction","target":{"@type":"EntryPoint","urlTemplate":"https:\/\/www.letteraemme.it\/espropriponte\/?s={search_term_string}"},"query-input":"required name=search_term_string"}],"inLanguage":"it-IT"},{"@type":"Organization","@id":"https:\/\/www.letteraemme.it\/espropriponte\/#organization","name":"Espropri Ponte sullo Stretto","url":"https:\/\/www.letteraemme.it\/espropriponte\/","logo":{"@type":"ImageObject","inLanguage":"it-IT","@id":"https:\/\/www.letteraemme.it\/espropriponte\/#\/schema\/logo\/image\/","url":"https:\/\/www.letteraemme.it\/espropriponte\/wp-content\/uploads\/2023\/11\/ricerca.png","contentUrl":"https:\/\/www.letteraemme.it\/espropriponte\/wp-content\/uploads\/2023\/11\/ricerca.png","width":706,"height":708,"caption":"Espropri Ponte sullo Stretto"},"image":{"@id":"https:\/\/www.letteraemme.it\/espropriponte\/#\/schema\/logo\/image\/"}}]}},"_links":{"self":[{"href":"https:\/\/www.letteraemme.it\/espropriponte\/wp-json\/wp\/v2\/pages\/570","targetHints":{"allow":["GET"]}}],"collection":[{"href":"https:\/\/www.letteraemme.it\/espropriponte\/wp-json\/wp\/v2\/pages"}],"about":[{"href":"https:\/\/www.letteraemme.it\/espropriponte\/wp-json\/wp\/v2\/types\/page"}],"author":[{"embeddable":true,"href":"https:\/\/www.letteraemme.it\/espropriponte\/wp-json\/wp\/v2\/users\/1"}],"replies":[{"embeddable":true,"href":"https:\/\/www.letteraemme.it\/espropriponte\/wp-json\/wp\/v2\/comments?post=570"}],"version-history":[{"count":11,"href":"https:\/\/www.letteraemme.it\/espropriponte\/wp-json\/wp\/v2\/pages\/570\/revisions"}],"predecessor-version":[{"id":593,"href":"https:\/\/www.letteraemme.it\/espropriponte\/wp-json\/wp\/v2\/pages\/570\/revisions\/593"}],"wp:featuredmedia":[{"embeddable":true,"href":"https:\/\/www.letteraemme.it\/espropriponte\/wp-json\/wp\/v2\/media\/584"}],"wp:attachment":[{"href":"https:\/\/www.letteraemme.it\/espropriponte\/wp-json\/wp\/v2\/media?parent=570"}],"curies":[{"name":"wp","href":"https:\/\/api.w.org\/{rel}","templated":true}]}}